{"id":6,"date":"2016-11-07T04:04:52","date_gmt":"2016-11-07T04:04:52","guid":{"rendered":"https:\/\/avadawebsites.wpengine.com\/veterinarian\/?page_id=6"},"modified":"2024-12-01T23:20:54","modified_gmt":"2024-12-01T22:20:54","slug":"about","status":"publish","type":"page","link":"https:\/\/ny.curamaassistans.se\/?page_id=6","title":{"rendered":"Om oss"},"content":{"rendered":"<p><div class=\"fusion-fullwidth fullwidth-box fusion-builder-row-1 fusion-flex-container hundred-percent-fullwidth non-hundred-percent-height-scrolling\" style=\"--awb-border-radius-top-left:0px;--awb-border-radius-top-right:0px;--awb-border-radius-bottom-right:0px;--awb-border-radius-bottom-left:0px;--awb-padding-top:0px;--awb-padding-right:0px;--awb-padding-bottom:0px;--awb-padding-left:0px;--awb-margin-top:0px;--awb-flex-wrap:wrap;\" ><div class=\"fusion-builder-row fusion-row fusion-flex-align-items-flex-start fusion-flex-content-wrap\" style=\"width:104% !important;max-width:104% !important;margin-left: calc(-4% \/ 2 );margin-right: calc(-4% \/ 2 );\"><div class=\"fusion-layout-column fusion_builder_column fusion-builder-column-0 fusion_builder_column_1_1 1_1 fusion-flex-column\" style=\"--awb-bg-blend:overlay;--awb-bg-size:cover;--awb-width-large:100%;--awb-margin-top-large:-60px;--awb-spacing-right-large:1.92%;--awb-margin-bottom-large:40px;--awb-spacing-left-large:1.92%;--awb-width-medium:100%;--awb-spacing-right-medium:1.92%;--awb-spacing-left-medium:1.92%;--awb-width-small:100%;--awb-spacing-right-small:1.92%;--awb-spacing-left-small:1.92%;\"><div class=\"fusion-column-wrapper fusion-flex-justify-content-flex-start fusion-content-layout-column\"><div class=\"fusion-section-separator section-separator rounded-split fusion-section-separator-1 rounded-split-separator\" style=\"--awb-spacer-height:71px;--awb-svg-margin-left:1.92%;--awb-svg-margin-right:1.92%;--awb-svg-margin-left-medium:1.92%;--awb-svg-margin-right-medium:1.92%;--awb-svg-margin-left-small:1.92%;--awb-svg-margin-right-small:1.92%;\"><div class=\"fusion-section-separator-svg\"><div class=\"rounded-split bottom\" style=\"background-color:var(--awb-color1);\"><\/div><\/div><div class=\"fusion-section-separator-spacer\"><div class=\"fusion-section-separator-spacer-height\"><\/div><\/div><\/div><\/div><\/div><\/div><\/div><div class=\"fusion-fullwidth fullwidth-box fusion-builder-row-2 fusion-flex-container nonhundred-percent-fullwidth non-hundred-percent-height-scrolling\" style=\"--awb-border-radius-top-left:0px;--awb-border-radius-top-right:0px;--awb-border-radius-bottom-right:0px;--awb-border-radius-bottom-left:0px;--awb-padding-bottom:75px;--awb-flex-wrap:wrap;\" ><div class=\"fusion-builder-row fusion-row fusion-flex-align-items-stretch fusion-flex-content-wrap\" style=\"max-width:1289.6px;margin-left: calc(-4% \/ 2 );margin-right: calc(-4% \/ 2 );\"><div class=\"fusion-layout-column fusion_builder_column fusion-builder-column-1 fusion_builder_column_1_1 1_1 fusion-flex-column\" style=\"--awb-padding-right:30px;--awb-padding-left:60px;--awb-padding-right-medium:30px;--awb-padding-left-medium:0px;--awb-bg-blend:overlay;--awb-bg-size:cover;--awb-width-large:100%;--awb-margin-top-large:0px;--awb-spacing-right-large:1.92%;--awb-margin-bottom-large:40px;--awb-spacing-left-large:1.92%;--awb-width-medium:100%;--awb-spacing-right-medium:1.92%;--awb-spacing-left-medium:1.92%;--awb-width-small:100%;--awb-spacing-right-small:1.92%;--awb-spacing-left-small:1.92%;\"><div class=\"fusion-column-wrapper fusion-flex-justify-content-center fusion-content-layout-column\"><div class=\"fusion-title title fusion-title-1 fusion-sep-none fusion-title-text fusion-title-size-two\" style=\"--awb-margin-top:0px;\"><h2 class=\"fusion-title-heading title-heading-left fusion-responsive-typography-calculated\" style=\"margin:0;--fontSize:50;line-height:var(--awb-typography1-line-height);\"><\/h2><\/div><div class=\"fusion-text fusion-text-1\"><h4 style=\"color: rgb(115, 185, 232); --fontSize: 22; line-height: 1.22; --minFontSize: 22;\" data-fontsize=\"22\" data-lineheight=\"26.84px\" class=\"fusion-responsive-typography-calculated\">Vi \u00e4r ett f\u00f6retag som finns i hela landet d\u00e4r v\u00e5ra medarbetare tillsammans varje dag g\u00f6r livet lite enklare f\u00f6r v\u00e5ra kunder. V\u00e5r ambition \u00e4r att erbjuda den<span style=\"color: rgb(115, 185, 232);\"> b\u00e4sta pe<\/span>rsonliga assistansen med fokus p\u00e5 dig och dina behov.<\/h4>\n<p>Hos oss \u00e4r du inte en i m\u00e4ngden!<\/p>\n<p>Curama Assistans \u00e4r en privat samordnare av personlig assistans som tar emot uppdrag i hela Sverige. V\u00e5r verksamhet omfattar samordning av personlig assistans till personer med funktionsneds\u00e4ttning enligt LSS och innehar tillst\u00e5nd fr\u00e5n inspektionen f\u00f6r v\u00e5rd och omsorg (Ivo).<\/p>\n<p>Vi ansvarar f\u00f6r att ge er en relationsbaserad personlig assistans d\u00e4r v\u00e5ra assistenter g\u00f6r allt f\u00f6r att du ska kunna leva ett s\u00e5 bra liv som m\u00f6jligt oavsett funktionsneds\u00e4ttning. Hos oss \u00e4r du inte en i m\u00e4ngden utan du \u00e4r unik och f\u00f6rtj\u00e4nar att bli behandlad d\u00e4refter!<\/p>\n<p>Hela v\u00e5rt f\u00f6retag bygger p\u00e5 ett stort engagemang hos v\u00e5ra medarbetare. Vi \u00e4r lyh\u00f6rda och tillg\u00e4ngliga och arbetar utifr\u00e5n v\u00e5ra tre grundpelare: Trygghet, Respekt och Flexibilitet, vilket ocks\u00e5 \u00e5terspeglas i v\u00e5ra v\u00e4rderingar. Det bygger ocks\u00e5 p\u00e5 en bred kunskap inom relevant lagstiftning, ekonomi och sociala fr\u00e5gor. Vi tror att dialogen oss emellan \u00f6kar f\u00f6rst\u00e5elsen och skapar en god grogrund f\u00f6r ett givande samarbete. Vi \u00e4r lyh\u00f6rda f\u00f6r dina \u00f6nskem\u00e5l och m\u00f6ter upp d\u00e4r du befinner dig. Hos oss kan du vara trygg att du f\u00e5r den b\u00e4sta assistansen och att vi finns h\u00e4r f\u00f6r dig.<\/p>\n<p>Kontakta oss g\u00e4rna om du vill veta mer eller boka ett m\u00f6te. Antingen genom att ringa eller maila. <\/p>\n<h4 data-fontsize=\"22\" data-lineheight=\"26.84px\" class=\"fusion-responsive-typography-calculated\" style=\"--fontSize: 22; line-height: 1.22; --minFontSize: 22;\"><strong style=\"color: rgb(115, 185, 232);\">Visselbl\u00e5sning<\/strong><span style=\"color: rgb(115, 185, 232);\"> &#8211; Rapportera om <span style=\"color: rgb(115, 185, 232);\">missf\u00f6rh<\/span>\u00e5llanden <\/span><\/h4>\n<p>Vi \u00e4r m\u00e5na om att g\u00f6ra r\u00e4tt och att uppr\u00e4tth\u00e5lla v\u00e5ra medarbetares, samarbetspartners och allm\u00e4nhetens f\u00f6rtroende f\u00f6r oss och v\u00e5r verksamhet. Vi vill d\u00e4rf\u00f6r g\u00f6ra allt vi kan f\u00f6r att uppt\u00e4cka och hindra eventuella missf\u00f6rh\u00e5llanden i v\u00e5r verksamhet s\u00e5 tidigt som m\u00f6jligt. I v\u00e5r visselbl\u00e5sartj\u00e4nst kan du l\u00e4mna en rapport om misstanke om allvarliga missf\u00f6rh\u00e5llanden.<\/p>\n<p>Rapporter som inkommer via visselbl\u00e5sartj\u00e4nsten g\u00e5r till personalansvarig som avg\u00f6r om de \u00e4r l\u00e4mpliga att utreda \u00e4rendet eller om den fortsatta hanteringen av rapporten ska \u00f6verl\u00e4mnas till en annan oberoende part. Detta kan till exempel vara fallet om \u00e4rendet ber\u00f6r en av mottagarna.<\/p>\n<p>Genom visselbl\u00e5sartj\u00e4nsten kan du vara helt anonym n\u00e4r du l\u00e4mnar din visselbl\u00e5sning. Din rapport kommer att vara krypterad och inga IP-adresser kan sp\u00e5ras.<\/p>\n<p>F\u00f6r att s\u00e4kerst\u00e4lla din anonymitet \u2013 t\u00e4nk p\u00e5 f\u00f6ljande:<\/p>\n<p>Skriv av den h\u00e4r l\u00e4nken och skriv in i din webb-l\u00e4sare.<\/p>\n<p>Anv\u00e4nd inte f\u00f6retagets dator eller n\u00e4tverk.<\/p>\n<\/div><div ><a class=\"fusion-button button-flat fusion-button-default-size button-default fusion-button-default button-1 fusion-button-default-span fusion-button-default-type\" style=\"--button-border-radius-top-left:50px;--button-border-radius-top-right:50px;--button-border-radius-bottom-right:50px;--button-border-radius-bottom-left:50px;--button_text_transform:capitalize;--button_font_size:20px;--button_line_height:1.0;--button_padding-top:22px;--button_padding-right:50px;--button_padding-bottom:22px;--button_padding-left:50px;--button_typography-letter-spacing:0.015em;--button_typography-font-family:&quot;Patua One&quot;;--button_typography-font-style:normal;--button_typography-font-weight:400;--button_margin-bottom:25px;\" target=\"_self\" data-hover=\"text_slide_down\" href=\"https:\/\/whistle.qnister.com\/Curama\"><i class=\"fa-link fas button-icon-left\" aria-hidden=\"true\"><\/i><div class=\"awb-button-text-transition\"><span class=\"fusion-button-text\">Visselbl\u00e5sning<\/span><span class=\"fusion-button-text\">Visselbl\u00e5sning<\/span><\/div><\/a><\/div><div class=\"fusion-separator fusion-full-width-sep\" style=\"align-self: center;margin-left: auto;margin-right: auto;margin-top:20px;width:100%;\"><\/div><div class=\"fusion-separator fusion-full-width-sep\" style=\"align-self: center;margin-left: auto;margin-right: auto;margin-top:10px;width:100%;\"><\/div><\/div><\/div><\/div><\/div><\/p>\n","protected":false},"excerpt":{"rendered":"","protected":false},"author":1,"featured_media":0,"parent":0,"menu_order":0,"comment_status":"closed","ping_status":"closed","template":"100-width.php","meta":{"footnotes":""},"class_list":["post-6","page","type-page","status-publish","hentry"],"_links":{"self":[{"href":"https:\/\/ny.curamaassistans.se\/index.php?rest_route=\/wp\/v2\/pages\/6","targetHints":{"allow":["GET"]}}],"collection":[{"href":"https:\/\/ny.curamaassistans.se\/index.php?rest_route=\/wp\/v2\/pages"}],"about":[{"href":"https:\/\/ny.curamaassistans.se\/index.php?rest_route=\/wp\/v2\/types\/page"}],"author":[{"embeddable":true,"href":"https:\/\/ny.curamaassistans.se\/index.php?rest_route=\/wp\/v2\/users\/1"}],"replies":[{"embeddable":true,"href":"https:\/\/ny.curamaassistans.se\/index.php?rest_route=%2Fwp%2Fv2%2Fcomments&post=6"}],"version-history":[{"count":9,"href":"https:\/\/ny.curamaassistans.se\/index.php?rest_route=\/wp\/v2\/pages\/6\/revisions"}],"predecessor-version":[{"id":1685,"href":"https:\/\/ny.curamaassistans.se\/index.php?rest_route=\/wp\/v2\/pages\/6\/revisions\/1685"}],"wp:attachment":[{"href":"https:\/\/ny.curamaassistans.se\/index.php?rest_route=%2Fwp%2Fv2%2Fmedia&parent=6"}],"curies":[{"name":"wp","href":"https:\/\/api.w.org\/{rel}","templated":true}]}}