{"id":1611,"date":"2024-11-20T16:49:38","date_gmt":"2024-11-20T15:49:38","guid":{"rendered":"https:\/\/ny.curamaassistans.se\/?page_id=1611"},"modified":"2024-11-20T17:01:32","modified_gmt":"2024-11-20T16:01:32","slug":"bli-kund","status":"publish","type":"page","link":"https:\/\/ny.curamaassistans.se\/?page_id=1611","title":{"rendered":"Bli kund"},"content":{"rendered":"<p><div class=\"fusion-fullwidth fullwidth-box fusion-builder-row-1 fusion-flex-container hundred-percent-fullwidth non-hundred-percent-height-scrolling\" style=\"--awb-border-radius-top-left:0px;--awb-border-radius-top-right:0px;--awb-border-radius-bottom-right:0px;--awb-border-radius-bottom-left:0px;--awb-padding-top:0px;--awb-padding-right:0px;--awb-padding-bottom:0px;--awb-padding-left:0px;--awb-margin-top:0px;--awb-flex-wrap:wrap;\" ><div class=\"fusion-builder-row fusion-row fusion-flex-align-items-flex-start fusion-flex-content-wrap\" style=\"width:104% !important;max-width:104% !important;margin-left: calc(-4% \/ 2 );margin-right: calc(-4% \/ 2 );\"><div class=\"fusion-layout-column fusion_builder_column fusion-builder-column-0 fusion_builder_column_1_1 1_1 fusion-flex-column\" style=\"--awb-bg-blend:overlay;--awb-bg-size:cover;--awb-width-large:100%;--awb-margin-top-large:-60px;--awb-spacing-right-large:1.92%;--awb-margin-bottom-large:40px;--awb-spacing-left-large:1.92%;--awb-width-medium:100%;--awb-spacing-right-medium:1.92%;--awb-spacing-left-medium:1.92%;--awb-width-small:100%;--awb-spacing-right-small:1.92%;--awb-spacing-left-small:1.92%;\"><div class=\"fusion-column-wrapper fusion-flex-justify-content-flex-start fusion-content-layout-column\"><div class=\"fusion-section-separator section-separator rounded-split fusion-section-separator-1 rounded-split-separator\" style=\"--awb-spacer-height:71px;--awb-svg-margin-left:1.92%;--awb-svg-margin-right:1.92%;--awb-svg-margin-left-medium:1.92%;--awb-svg-margin-right-medium:1.92%;--awb-svg-margin-left-small:1.92%;--awb-svg-margin-right-small:1.92%;\"><div class=\"fusion-section-separator-svg\"><div class=\"rounded-split bottom\" style=\"background-color:var(--awb-color1);\"><\/div><\/div><div class=\"fusion-section-separator-spacer\"><div class=\"fusion-section-separator-spacer-height\"><\/div><\/div><\/div><\/div><\/div><\/div><\/div><div class=\"fusion-fullwidth fullwidth-box fusion-builder-row-2 fusion-flex-container nonhundred-percent-fullwidth non-hundred-percent-height-scrolling\" style=\"--awb-border-radius-top-left:0px;--awb-border-radius-top-right:0px;--awb-border-radius-bottom-right:0px;--awb-border-radius-bottom-left:0px;--awb-padding-top:50px;--awb-padding-bottom:0px;--awb-padding-top-medium:24px;--awb-padding-bottom-small:0px;--awb-flex-wrap:wrap;\" ><div class=\"fusion-builder-row fusion-row fusion-flex-align-items-stretch fusion-flex-content-wrap\" style=\"max-width:1289.6px;margin-left: calc(-4% \/ 2 );margin-right: calc(-4% \/ 2 );\"><div class=\"fusion-layout-column fusion_builder_column fusion-builder-column-1 fusion_builder_column_1_1 1_1 fusion-flex-column\" style=\"--awb-padding-bottom-medium:40px;--awb-bg-blend:overlay;--awb-bg-size:cover;--awb-width-large:100%;--awb-margin-top-large:0px;--awb-spacing-right-large:1.92%;--awb-margin-bottom-large:60px;--awb-spacing-left-large:1.92%;--awb-width-medium:100%;--awb-spacing-right-medium:1.92%;--awb-spacing-left-medium:1.92%;--awb-width-small:100%;--awb-spacing-right-small:1.92%;--awb-spacing-left-small:1.92%;\"><div class=\"fusion-column-wrapper fusion-flex-justify-content-center fusion-content-layout-column\"><div class=\"fusion-text fusion-text-1\"><h4 style=\"color: #73b9e8;\"><span style=\"color: #73b9e8;\">Curama \u00e4r ett assistansbolag som finns i hela landet. \u00c4r du i behov av personlig assistans eller k\u00e4nner n\u00e5gon som \u00e4r i behov av personlig assistan<\/span><span style=\"color: #73b9e8;\"><span style=\"color: #73b9e8;\">s? D\u00e5<\/span><\/span><span style=\"color: #73b9e8;\"> \u00e4r ni varmt v\u00e4lkomna att h\u00f6ra av er till oss!<\/span><\/h4>\n<h4><span style=\"color: #73b9e8;\"><b><span style=\"color: #73b9e8;\">Att v\u00e4lja Curama Assistans<\/span> <\/b><\/span><\/h4>\n<h4><span style=\"font-family: var(--awb-text-font-family); font-size: var(--awb-font-size); font-style: var(--awb-text-font-style); letter-spacing: var(--awb-letter-spacing); text-align: var(--awb-content-alignment); text-transform: var(--awb-text-transform);\"><b style=\"color: #73b9e8;\">Valfrihet &amp; inflytande<\/b><\/span><\/h4>\n<p>Du \u00e4r med och utformar din assistans, best\u00e4mmer hur dagarna ska se ut och hur du vill leva ditt liv. Du \u00e4r med och v\u00e4ljer dina personliga assistenter.<\/p>\n<h4><span style=\"font-family: var(--awb-text-font-family); font-size: var(--awb-font-size); font-style: var(--awb-text-font-style); letter-spacing: var(--awb-letter-spacing); text-align: var(--awb-content-alignment); text-transform: var(--awb-text-transform);\"><b style=\"color: #73b9e8;\">Kontaktperson<\/b><\/span><\/h4>\n<p>Hos Curama assistans f\u00e5r du en egen kontaktperson som du alltid kan v\u00e4nda dig till f\u00f6r fr\u00e5gor och funderingar. Tillsammans samordnar ni assistansen och ser till att alla behoven tillgodoses.<\/p>\n<h4><span style=\"font-family: var(--awb-text-font-family); font-size: var(--awb-font-size); font-style: var(--awb-text-font-style); letter-spacing: var(--awb-letter-spacing); text-align: var(--awb-content-alignment); text-transform: var(--awb-text-transform);\"><b style=\"color: #73b9e8;\">Arbetsmilj\u00f6<\/b><\/span><\/h4>\n<p>Vi p\u00e5 Curama assistans arbetar f\u00f6r att uppn\u00e5 en god arbetsmilj\u00f6 f\u00f6r dina personliga assistenter. Vi anser att god h\u00e4lsa och v\u00e4lm\u00e5ende skapar en b\u00e4ttre och roligare arbetsplats. Glad personal skapar b\u00e4ttre arbetsmoral som bidrar till en tryggare och roligare assistans<\/p>\n<h4><span style=\"font-family: var(--awb-text-font-family); font-size: var(--awb-font-size); font-style: var(--awb-text-font-style); letter-spacing: var(--awb-letter-spacing); text-align: var(--awb-content-alignment); text-transform: var(--awb-text-transform);\"><b style=\"color: #73b9e8;\">Juridisk r\u00e5dgivning<\/b><\/span><\/h4>\n<p>Vi hj\u00e4lper dig med allt kring ans\u00f6kningar av assistanstimmar till kontakt med myndigheter. Vi har erfarenhet av att arbeta med barn, ungdomar och vuxna med olika hj\u00e4lpbehov och kan se \u00f6ver ditt totala behov av hj\u00e4lp f\u00f6r att du ska kunna leva ett liv som andra.<\/p>\n<h4><span style=\"font-family: var(--awb-text-font-family); font-size: var(--awb-font-size); font-style: var(--awb-text-font-style); letter-spacing: var(--awb-letter-spacing); text-align: var(--awb-content-alignment); text-transform: var(--awb-text-transform);\"><b style=\"color: #73b9e8;\">Utbildningar<\/b><\/span><\/h4>\n<p>Utbildningar f\u00f6r dina personliga assistenter ser vi som en sj\u00e4lvklarhet. Utveckling och kunskap skapar en b\u00e4ttre trygghet f\u00f6r dig och dina personliga assistenter.<\/p>\n<h4><span style=\"font-family: var(--awb-text-font-family); font-size: var(--awb-font-size); font-style: var(--awb-text-font-style); letter-spacing: var(--awb-letter-spacing); text-align: var(--awb-content-alignment); text-transform: var(--awb-text-transform);\"><b style=\"color: #73b9e8;\">Trygghet f\u00f6r Assistenterna<\/b><\/span><\/h4>\n<p>Vi har f\u00f6rs\u00e4kringar, goda villkor och en trygg anst\u00e4llning f\u00f6r v\u00e5ra personliga assistenter. Det \u00e4r faktorer som bidrar till att dina assistenter trivs och k\u00e4nner sig trygga i sitt arbete.<\/p>\n<h4>&nbsp;<\/h4>\n<\/div><div class=\"fusion-separator fusion-full-width-sep\" style=\"align-self: center;margin-left: auto;margin-right: auto;margin-top:25px;width:100%;\"><\/div><\/div><\/div><\/div><\/div><\/p>\n","protected":false},"excerpt":{"rendered":"","protected":false},"author":1,"featured_media":0,"parent":0,"menu_order":0,"comment_status":"closed","ping_status":"closed","template":"100-width.php","meta":{"footnotes":""},"class_list":["post-1611","page","type-page","status-publish","hentry"],"_links":{"self":[{"href":"https:\/\/ny.curamaassistans.se\/index.php?rest_route=\/wp\/v2\/pages\/1611","targetHints":{"allow":["GET"]}}],"collection":[{"href":"https:\/\/ny.curamaassistans.se\/index.php?rest_route=\/wp\/v2\/pages"}],"about":[{"href":"https:\/\/ny.curamaassistans.se\/index.php?rest_route=\/wp\/v2\/types\/page"}],"author":[{"embeddable":true,"href":"https:\/\/ny.curamaassistans.se\/index.php?rest_route=\/wp\/v2\/users\/1"}],"replies":[{"embeddable":true,"href":"https:\/\/ny.curamaassistans.se\/index.php?rest_route=%2Fwp%2Fv2%2Fcomments&post=1611"}],"version-history":[{"count":2,"href":"https:\/\/ny.curamaassistans.se\/index.php?rest_route=\/wp\/v2\/pages\/1611\/revisions"}],"predecessor-version":[{"id":1617,"href":"https:\/\/ny.curamaassistans.se\/index.php?rest_route=\/wp\/v2\/pages\/1611\/revisions\/1617"}],"wp:attachment":[{"href":"https:\/\/ny.curamaassistans.se\/index.php?rest_route=%2Fwp%2Fv2%2Fmedia&parent=1611"}],"curies":[{"name":"wp","href":"https:\/\/api.w.org\/{rel}","templated":true}]}}